{"id":12799,"date":"2022-04-29T05:24:51","date_gmt":"2022-04-29T05:24:51","guid":{"rendered":"https:\/\/parquelimpopo.gov.mz\/?page_id=12799"},"modified":"2023-05-30T09:09:38","modified_gmt":"2023-05-30T09:09:38","slug":"activities","status":"publish","type":"page","link":"https:\/\/parquelimpopo.gov.mz\/pt\/activities\/","title":{"rendered":"Actividades"},"content":{"rendered":"<div data-elementor-type=\"wp-page\" data-elementor-id=\"12799\" class=\"elementor elementor-12799\">\n\t\t\t\t\t\t<section class=\"elementor-section elementor-top-section elementor-element elementor-element-93a95da tm-column-break-ipad-yes elementor-section-stretched tm-col-stretched-none elementor-section-boxed elementor-section-height-default elementor-section-height-default\" data-id=\"93a95da\" data-element_type=\"section\" data-settings=\"{&quot;stretch_section&quot;:&quot;section-stretched&quot;,&quot;background_background&quot;:&quot;classic&quot;}\">\n\t\t\t\t\t\t<div class=\"elementor-container elementor-column-gap-no\">\n\t\t\t\t\t<div class=\"elementor-column elementor-col-50 elementor-top-column elementor-element elementor-element-0e870e7\" data-id=\"0e870e7\" data-element_type=\"column\">\n\t\t\t<div class=\"elementor-widget-wrap elementor-element-populated\">\n\t\t\t\t\t\t<div class=\"elementor-element elementor-element-263c467 elementor-widget elementor-widget-image\" data-id=\"263c467\" data-element_type=\"widget\" data-widget_type=\"image.default\">\n\t\t\t\t<div class=\"elementor-widget-container\">\n\t\t\t\t\t\t\t\t\t\t\t\t\t\t\t<img fetchpriority=\"high\" decoding=\"async\" width=\"1024\" height=\"768\" src=\"https:\/\/parquelimpopo.gov.mz\/wp-content\/uploads\/2023\/05\/image020-1024x768.jpg\" class=\"attachment-large size-large wp-image-14215\" alt=\"\" srcset=\"https:\/\/parquelimpopo.gov.mz\/wp-content\/uploads\/2023\/05\/image020-1024x768.jpg 1024w, https:\/\/parquelimpopo.gov.mz\/wp-content\/uploads\/2023\/05\/image020-300x225.jpg 300w, https:\/\/parquelimpopo.gov.mz\/wp-content\/uploads\/2023\/05\/image020-768x576.jpg 768w, https:\/\/parquelimpopo.gov.mz\/wp-content\/uploads\/2023\/05\/image020-200x150.jpg 200w, https:\/\/parquelimpopo.gov.mz\/wp-content\/uploads\/2023\/05\/image020.jpg 1377w\" sizes=\"(max-width: 1024px) 100vw, 1024px\" data-id=\"14215\">\t\t\t\t\t\t\t\t\t\t\t\t\t\t\t<\/div>\n\t\t\t\t<\/div>\n\t\t\t\t\t<\/div>\n\t\t<\/div>\n\t\t\t\t<div class=\"elementor-column elementor-col-50 elementor-top-column elementor-element elementor-element-e5ff7cf\" data-id=\"e5ff7cf\" data-element_type=\"column\">\n\t\t\t<div class=\"elementor-widget-wrap elementor-element-populated\">\n\t\t\t\t\t\t<div class=\"elementor-element elementor-element-ff398eb tm-align-left elementor-widget elementor-widget-tm_heading\" data-id=\"ff398eb\" data-element_type=\"widget\" data-widget_type=\"tm_heading.default\">\n\t\t\t\t<div class=\"elementor-widget-container\">\n\t\t\t\t\t<div class=\"tm-element-heading-content-wrapper left-align tm-reverse-heading-yes tm-seperator-none  tm-heading-style-vertical\"><div class=\"tm-content-header\"><h2 class=\"tm-element-content-heading\">\n\t\t\t\tAn ideal halfway stop off point\nfor Bush to Beach excursions\n\t\t\t<\/h2>\n\t\t<\/div><\/div>\t\t\t\t<\/div>\n\t\t\t\t<\/div>\n\t\t\t\t<div class=\"elementor-element elementor-element-6e06e87 elementor-widget elementor-widget-text-editor\" data-id=\"6e06e87\" data-element_type=\"widget\" data-widget_type=\"text-editor.default\">\n\t\t\t\t<div class=\"elementor-widget-container\">\n\t\t\t\t\t\t\t\t\t<p>In addition to being an ideal half way stop off point for Bush to Beach excursions between South Africa and the popular Mozambique coastline, the Park offers fantastic scenery and sunsets, Game and Bird viewing, 4&#215;4 self- drive off-road experiences and boating and fishing on Massingir Dam. In the future the Park will also offer guided trail activities.<\/p>\t\t\t\t\t\t\t\t<\/div>\n\t\t\t\t<\/div>\n\t\t\t\t\t<\/div>\n\t\t<\/div>\n\t\t\t\t\t<\/div>\n\t\t<\/section>\n\t\t\t\t<section class=\"elementor-section elementor-top-section elementor-element elementor-element-76dfba7 elementor-section-stretched tm-column-break-ipad-no tm-col-stretched-none elementor-section-boxed elementor-section-height-default elementor-section-height-default\" data-id=\"76dfba7\" data-element_type=\"section\" data-settings=\"{&quot;stretch_section&quot;:&quot;section-stretched&quot;,&quot;background_background&quot;:&quot;classic&quot;}\">\n\t\t\t\t\t\t<div class=\"elementor-container elementor-column-gap-default\">\n\t\t\t\t\t<div class=\"elementor-column elementor-col-100 elementor-top-column elementor-element elementor-element-482dcb9\" data-id=\"482dcb9\" data-element_type=\"column\">\n\t\t\t<div class=\"elementor-widget-wrap elementor-element-populated\">\n\t\t\t\t\t\t<div class=\"elementor-element elementor-element-d0b343d tm-align-center elementor-widget elementor-widget-tm_tours_element\" data-id=\"d0b343d\" data-element_type=\"widget\" data-widget_type=\"tm_tours_element.default\">\n\t\t\t\t<div class=\"elementor-widget-container\">\n\t\t\t\t\t\n\t\t<div class=\"themetechmount-boxes themetechmount-boxes-tours themetechmount-element-toursbox-styleone themetechmount-boxes-view-default themetechmount-boxes-col-four themetechmount-boxes-gap-25px\" data-tm-show=\"8\" data-tm-loop=\"1\" data-tm-autoplay=\"0\" data-tm-centermode=\"0\" data-tm-nav=\"\" data-tm-dots=\"\" data-tm-slidestoscroll=\"\" data-tm-autoplayspeed=\"4500\" data-tm-margin=\"25px\"><div class=\"themetechmount-boxes-inner\">\n\t\t\n\t\t\t<div class=\"themetechmount-box-heading-wrapper\">\n\t\t\t\t<div class=\"tm-element-heading-content-wrapper center-align tm-reverse-heading-yes tm-seperator-none  tm-heading-style-vertical\"><div class=\"tm-content-header\"><h4 class=\"tm-element-subheading\">\n\t\t\t\tLearn about\n\t\t\t<\/h4>\n\t\t<h2 class=\"tm-element-content-heading\">\n\t\t\t\tWhat you can do\n\t\t\t<\/h2>\n\t\t<\/div><\/div>\t\t\t\t\t\t\t<\/div>\n\n\t\t\t<div class=\"themetechmount-boxes-row-wrapper row multi-columns-row\">\n\n\t\t\t<div class=\"tm-box-col-wrapper  activities col-lg-3 col-sm-6 col-md-3 col-xs-12\"><article class=\"themetechmount-box themetechmount-box-tours themetechmount-tourbox-styleone\">\n\t<div class=\"themetechmount-post-item\">\n\t\t<div class=\"tm-featured-wrapper tm-tm_tours-featured-wrapper\"><a href=\"https:\/\/parquelimpopo.gov.mz\/pt\/activities\/game-viewing-birding-and-wilderness-experience\/\"><img decoding=\"async\" width=\"500\" height=\"500\" src=\"https:\/\/parquelimpopo.gov.mz\/wp-content\/uploads\/2021\/10\/game-viewing.jpg\" class=\"attachment-themetechmount-img-portfolio size-themetechmount-img-portfolio wp-post-image\" alt=\"\" srcset=\"https:\/\/parquelimpopo.gov.mz\/wp-content\/uploads\/2021\/10\/game-viewing.jpg 500w, https:\/\/parquelimpopo.gov.mz\/wp-content\/uploads\/2021\/10\/game-viewing-300x300.jpg 300w, https:\/\/parquelimpopo.gov.mz\/wp-content\/uploads\/2021\/10\/game-viewing-150x150.jpg 150w\" sizes=\"(max-width: 500px) 100vw, 500px\" data-id=\"14281\"><\/a><\/div>\t\t<div class=\"themetechmount-post-item-inner\">\n\t\t\t<div class=\"themetechmount-box-overlay\">\n\t\t\t\t<div class=\"themetechmount-box-content\">\t\n\t\t\t\t\t<div class=\"tm-tourbox-detials\">\n\t\t\t\t\t\t<div class=\"themetechmount-box-title\"><h4><a href=\"https:\/\/parquelimpopo.gov.mz\/pt\/activities\/game-viewing-birding-and-wilderness-experience\/\">Observa\u00e7\u00e3o de fauna e de p\u00e1ssaros e experi\u00eancia de vida selvagem<\/a><\/h4><\/div>\t\t\t\t\t\t\t\n\t\t\t\t\t<\/div>\n\t\t\t\t\t<div class=\"themetechmount-tourbox-readmore\">\n\t\t\t\t\t\t<a href=\"https:\/\/parquelimpopo.gov.mz\/pt\/activities\/game-viewing-birding-and-wilderness-experience\/\">Leia mais<\/a>\t\t\t\t\t<\/div>\n\t\t\t\t<\/div>\n\t\t\t<\/div>\n\t\t<\/div>\n\t<\/div>\n<\/article><\/div><div class=\"tm-box-col-wrapper  activities col-lg-3 col-sm-6 col-md-3 col-xs-12\"><article class=\"themetechmount-box themetechmount-box-tours themetechmount-tourbox-styleone\">\n\t<div class=\"themetechmount-post-item\">\n\t\t<div class=\"tm-featured-wrapper tm-tm_tours-featured-wrapper\"><a href=\"https:\/\/parquelimpopo.gov.mz\/pt\/activities\/4x4-self-drive-experience\/\"><img decoding=\"async\" width=\"500\" height=\"500\" src=\"https:\/\/parquelimpopo.gov.mz\/wp-content\/uploads\/2021\/10\/4x4-guided.jpg\" class=\"attachment-themetechmount-img-portfolio size-themetechmount-img-portfolio wp-post-image\" alt=\"\" srcset=\"https:\/\/parquelimpopo.gov.mz\/wp-content\/uploads\/2021\/10\/4x4-guided.jpg 500w, https:\/\/parquelimpopo.gov.mz\/wp-content\/uploads\/2021\/10\/4x4-guided-300x300.jpg 300w, https:\/\/parquelimpopo.gov.mz\/wp-content\/uploads\/2021\/10\/4x4-guided-150x150.jpg 150w\" sizes=\"(max-width: 500px) 100vw, 500px\" data-id=\"14279\"><\/a><\/div>\t\t<div class=\"themetechmount-post-item-inner\">\n\t\t\t<div class=\"themetechmount-box-overlay\">\n\t\t\t\t<div class=\"themetechmount-box-content\">\t\n\t\t\t\t\t<div class=\"tm-tourbox-detials\">\n\t\t\t\t\t\t<div class=\"themetechmount-box-title\"><h4><a href=\"https:\/\/parquelimpopo.gov.mz\/pt\/activities\/4x4-self-drive-experience\/\">Experi\u00eancia de condu\u00e7\u00e3o aut\u00f4noma 4\u00d74<\/a><\/h4><\/div>\t\t\t\t\t\t\t\n\t\t\t\t\t<\/div>\n\t\t\t\t\t<div class=\"themetechmount-tourbox-readmore\">\n\t\t\t\t\t\t<a href=\"https:\/\/parquelimpopo.gov.mz\/pt\/activities\/4x4-self-drive-experience\/\">Leia mais<\/a>\t\t\t\t\t<\/div>\n\t\t\t\t<\/div>\n\t\t\t<\/div>\n\t\t<\/div>\n\t<\/div>\n<\/article><\/div><div class=\"tm-box-col-wrapper  activities col-lg-3 col-sm-6 col-md-3 col-xs-12\"><article class=\"themetechmount-box themetechmount-box-tours themetechmount-tourbox-styleone\">\n\t<div class=\"themetechmount-post-item\">\n\t\t<div class=\"tm-featured-wrapper tm-tm_tours-featured-wrapper\"><a href=\"https:\/\/parquelimpopo.gov.mz\/pt\/activities\/cultural-experience\/\"><img loading=\"lazy\" decoding=\"async\" width=\"500\" height=\"500\" src=\"https:\/\/parquelimpopo.gov.mz\/wp-content\/uploads\/2023\/05\/cultural-experience-1.jpg\" class=\"attachment-themetechmount-img-portfolio size-themetechmount-img-portfolio wp-post-image\" alt=\"\" srcset=\"https:\/\/parquelimpopo.gov.mz\/wp-content\/uploads\/2023\/05\/cultural-experience-1.jpg 500w, https:\/\/parquelimpopo.gov.mz\/wp-content\/uploads\/2023\/05\/cultural-experience-1-300x300.jpg 300w, https:\/\/parquelimpopo.gov.mz\/wp-content\/uploads\/2023\/05\/cultural-experience-1-150x150.jpg 150w\" sizes=\"(max-width: 500px) 100vw, 500px\" data-id=\"15315\"><\/a><\/div>\t\t<div class=\"themetechmount-post-item-inner\">\n\t\t\t<div class=\"themetechmount-box-overlay\">\n\t\t\t\t<div class=\"themetechmount-box-content\">\t\n\t\t\t\t\t<div class=\"tm-tourbox-detials\">\n\t\t\t\t\t\t<div class=\"themetechmount-box-title\"><h4><a href=\"https:\/\/parquelimpopo.gov.mz\/pt\/activities\/cultural-experience\/\">Experi\u00eancia cultural<\/a><\/h4><\/div>\t\t\t\t\t\t\t\n\t\t\t\t\t<\/div>\n\t\t\t\t\t<div class=\"themetechmount-tourbox-readmore\">\n\t\t\t\t\t\t<a href=\"https:\/\/parquelimpopo.gov.mz\/pt\/activities\/cultural-experience\/\">Leia mais<\/a>\t\t\t\t\t<\/div>\n\t\t\t\t<\/div>\n\t\t\t<\/div>\n\t\t<\/div>\n\t<\/div>\n<\/article><\/div><div class=\"tm-box-col-wrapper  activities col-lg-3 col-sm-6 col-md-3 col-xs-12\"><article class=\"themetechmount-box themetechmount-box-tours themetechmount-tourbox-styleone\">\n\t<div class=\"themetechmount-post-item\">\n\t\t<div class=\"tm-featured-wrapper tm-tm_tours-featured-wrapper\"><a href=\"https:\/\/parquelimpopo.gov.mz\/pt\/activities\/guided-trails-experience\/\"><img loading=\"lazy\" decoding=\"async\" width=\"500\" height=\"500\" src=\"https:\/\/parquelimpopo.gov.mz\/wp-content\/uploads\/2023\/05\/guided-experience.jpg\" class=\"attachment-themetechmount-img-portfolio size-themetechmount-img-portfolio wp-post-image\" alt=\"\" srcset=\"https:\/\/parquelimpopo.gov.mz\/wp-content\/uploads\/2023\/05\/guided-experience.jpg 500w, https:\/\/parquelimpopo.gov.mz\/wp-content\/uploads\/2023\/05\/guided-experience-300x300.jpg 300w, https:\/\/parquelimpopo.gov.mz\/wp-content\/uploads\/2023\/05\/guided-experience-150x150.jpg 150w\" sizes=\"(max-width: 500px) 100vw, 500px\" data-id=\"14274\"><\/a><\/div>\t\t<div class=\"themetechmount-post-item-inner\">\n\t\t\t<div class=\"themetechmount-box-overlay\">\n\t\t\t\t<div class=\"themetechmount-box-content\">\t\n\t\t\t\t\t<div class=\"tm-tourbox-detials\">\n\t\t\t\t\t\t<div class=\"themetechmount-box-title\"><h4><a href=\"https:\/\/parquelimpopo.gov.mz\/pt\/activities\/guided-trails-experience\/\">Experi\u00eancia de trilhas guiadas<\/a><\/h4><\/div>\t\t\t\t\t\t\t\n\t\t\t\t\t<\/div>\n\t\t\t\t\t<div class=\"themetechmount-tourbox-readmore\">\n\t\t\t\t\t\t<a href=\"https:\/\/parquelimpopo.gov.mz\/pt\/activities\/guided-trails-experience\/\">Leia mais<\/a>\t\t\t\t\t<\/div>\n\t\t\t\t<\/div>\n\t\t\t<\/div>\n\t\t<\/div>\n\t<\/div>\n<\/article><\/div>\n\t\t\t<\/div>\n\n\t\t\t<\/div><!-- .themetechmount-boxes-inner -->   <\/div><!-- .themetechmount-boxes -->  \t\t\t\t<\/div>\n\t\t\t\t<\/div>\n\t\t\t\t\t<\/div>\n\t\t<\/div>\n\t\t\t\t\t<\/div>\n\t\t<\/section>\n\t\t\t\t<\/div>","protected":false},"excerpt":{"rendered":"<p>An ideal halfway stop off point for Bush to Beach excursions In addition to being an ideal half way stop off point for Bush to Beach excursions between South Africa and the popular Mozambique coastline, the Park offers fantastic scenery and sunsets, Game and Bird viewing, 4&#215;4 self- drive off-road experiences and boating and fishing &hellip; <a href=\"https:\/\/parquelimpopo.gov.mz\/pt\/activities\/guided-trails-experience\/\" class=\"more-link\">Continue reading <span class=\"screen-reader-text\">Experi\u00eancia de trilhas guiadas<\/span><\/a><\/p>","protected":false},"author":1,"featured_media":0,"parent":0,"menu_order":0,"comment_status":"closed","ping_status":"closed","template":"","meta":{"footnotes":""},"class_list":["post-12799","page","type-page","status-publish","hentry"],"_links":{"self":[{"href":"https:\/\/parquelimpopo.gov.mz\/pt\/wp-json\/wp\/v2\/pages\/12799","targetHints":{"allow":["GET"]}}],"collection":[{"href":"https:\/\/parquelimpopo.gov.mz\/pt\/wp-json\/wp\/v2\/pages"}],"about":[{"href":"https:\/\/parquelimpopo.gov.mz\/pt\/wp-json\/wp\/v2\/types\/page"}],"author":[{"embeddable":true,"href":"https:\/\/parquelimpopo.gov.mz\/pt\/wp-json\/wp\/v2\/users\/1"}],"replies":[{"embeddable":true,"href":"https:\/\/parquelimpopo.gov.mz\/pt\/wp-json\/wp\/v2\/comments?post=12799"}],"version-history":[{"count":5,"href":"https:\/\/parquelimpopo.gov.mz\/pt\/wp-json\/wp\/v2\/pages\/12799\/revisions"}],"predecessor-version":[{"id":15170,"href":"https:\/\/parquelimpopo.gov.mz\/pt\/wp-json\/wp\/v2\/pages\/12799\/revisions\/15170"}],"wp:attachment":[{"href":"https:\/\/parquelimpopo.gov.mz\/pt\/wp-json\/wp\/v2\/media?parent=12799"}],"curies":[{"name":"wp","href":"https:\/\/api.w.org\/{rel}","templated":true}]}}